{"id":108,"date":"2013-10-11T18:19:42","date_gmt":"2013-10-11T18:19:42","guid":{"rendered":"http:\/\/robert-litz.de\/?page_id=108"},"modified":"2022-10-02T11:48:47","modified_gmt":"2022-10-02T11:48:47","slug":"uber-robert-litz","status":"publish","type":"page","link":"https:\/\/robert-litz.de\/?page_id=108","title":{"rendered":"\u00dcber R. Litz"},"content":{"rendered":"<p>M\u00f6chten Sie gerne mehr \u00fcber R. Litz erfahren?<br \/>\ndann schauen Sie in die Rubriken<br \/>\n<a title=\"Publikationen\" href=\"https:\/\/robert-litz.de\/?page_id=41\">Publikationen<\/a>,<br \/>\n<a title=\"T\u00e4tigkeiten\" href=\"https:\/\/robert-litz.de\/?page_id=48\">T\u00e4tigkeiten<\/a>,<br \/>\n<a title=\"Privates Engagment\" href=\"https:\/\/robert-litz.de\/?page_id=45\">Privates Engagement<\/a><\/p>\nngg_shortcode_0_placeholder\n","protected":false},"excerpt":{"rendered":"<p>M\u00f6chten Sie gerne mehr \u00fcber R. Litz erfahren? dann schauen Sie in die Rubriken Publikationen, T\u00e4tigkeiten, Privates Engagement<\/p>\n","protected":false},"author":1,"featured_media":0,"parent":0,"menu_order":1,"comment_status":"closed","ping_status":"closed","template":"","meta":{"ngg_post_thumbnail":0,"footnotes":""},"class_list":["post-108","page","type-page","status-publish","hentry"],"_links":{"self":[{"href":"https:\/\/robert-litz.de\/index.php?rest_route=\/wp\/v2\/pages\/108","targetHints":{"allow":["GET"]}}],"collection":[{"href":"https:\/\/robert-litz.de\/index.php?rest_route=\/wp\/v2\/pages"}],"about":[{"href":"https:\/\/robert-litz.de\/index.php?rest_route=\/wp\/v2\/types\/page"}],"author":[{"embeddable":true,"href":"https:\/\/robert-litz.de\/index.php?rest_route=\/wp\/v2\/users\/1"}],"replies":[{"embeddable":true,"href":"https:\/\/robert-litz.de\/index.php?rest_route=%2Fwp%2Fv2%2Fcomments&post=108"}],"version-history":[{"count":24,"href":"https:\/\/robert-litz.de\/index.php?rest_route=\/wp\/v2\/pages\/108\/revisions"}],"predecessor-version":[{"id":179,"href":"https:\/\/robert-litz.de\/index.php?rest_route=\/wp\/v2\/pages\/108\/revisions\/179"}],"wp:attachment":[{"href":"https:\/\/robert-litz.de\/index.php?rest_route=%2Fwp%2Fv2%2Fmedia&parent=108"}],"curies":[{"name":"wp","href":"https:\/\/api.w.org\/{rel}","templated":true}]}}